{"id":1038,"date":"2024-05-06T14:55:39","date_gmt":"2024-05-06T14:55:39","guid":{"rendered":"https:\/\/trademark-club.com\/kontakt\/"},"modified":"2024-09-27T06:44:35","modified_gmt":"2024-09-27T06:44:35","slug":"kontakt","status":"publish","type":"page","link":"https:\/\/trademark-club.com\/de\/kontakt\/","title":{"rendered":"Kontakt"},"content":{"rendered":"\n<div class=\"wp-block-group alignwide wp-container-content-ceb7f5b3 has-global-padding is-content-justification-center is-layout-constrained wp-container-core-group-is-layout-6bc6ef81 wp-block-group-is-layout-constrained\" style=\"padding-top:var(--wp--preset--spacing--60);padding-right:var(--wp--preset--spacing--60);padding-bottom:var(--wp--preset--spacing--60);padding-left:var(--wp--preset--spacing--60)\">\n<div class=\"wp-block-group alignwide has-global-padding is-layout-constrained wp-container-core-group-is-layout-d3543a3b wp-block-group-is-layout-constrained\">\n<h2 class=\"wp-block-heading alignwide has-text-align-center has-contrast-color has-text-color\" style=\"font-size:clamp(39.963px, 2.498rem + ((1vw - 3.2px) * 3.981), 75px);font-style:normal;font-weight:500;line-height:0.9;text-transform:none\">Unterst\u00fctzen Sie<\/h2>\n\n\n\n<p class=\"has-text-align-center\">Mit einem professionellen internationalen Team sind wir bereit, Ihre Marke einem globalen Publikum zu pr\u00e4sentieren.<\/p>\n<\/div>\n\n\n\n<div style=\"height:20px\" aria-hidden=\"true\" class=\"wp-block-spacer\"><\/div>\n\n\n\n<div class=\"wp-block-group team has-global-padding is-layout-constrained wp-container-core-group-is-layout-4e222474 wp-block-group-is-layout-constrained\">\n<div class=\"wp-block-group has-global-padding is-layout-constrained wp-container-core-group-is-layout-4383d167 wp-block-group-is-layout-constrained\" style=\"border-radius:50px\">\n<div class=\"wp-block-columns is-layout-flex wp-container-core-columns-is-layout-ef350914 wp-block-columns-is-layout-flex\" style=\"padding-top:var(--wp--preset--spacing--30);padding-bottom:var(--wp--preset--spacing--30)\">\n<div class=\"wp-block-column is-layout-flow wp-block-column-is-layout-flow\" style=\"flex-basis:50%\">\n<figure class=\"wp-block-image aligncenter size-full is-resized has-custom-border is-style-rounded\"><img loading=\"lazy\" decoding=\"async\" width=\"190\" height=\"190\" src=\"https:\/\/trademark-club.com\/wp-content\/uploads\/2024\/08\/profile_photo-190x190-1.png\" alt=\"\" class=\"wp-image-882\" style=\"border-width:4px;width:150px\" srcset=\"https:\/\/trademark-club.com\/wp-content\/uploads\/2024\/08\/profile_photo-190x190-1.png 190w, https:\/\/trademark-club.com\/wp-content\/uploads\/2024\/08\/profile_photo-190x190-1-150x150.png 150w\" sizes=\"auto, (max-width: 190px) 100vw, 190px\" \/><\/figure>\n<\/div>\n\n\n\n<div class=\"wp-block-column is-vertically-aligned-center is-layout-flow wp-block-column-is-layout-flow\" style=\"flex-basis:50%\">\n<p class=\"text-sm-center has-large-font-size\"><strong>Elidon Hostettler<\/strong><br\/>Gr\u00fcnder Trademark Club<\/p>\n\n\n\n<p class=\"text-sm-center\">+41 41 450 43 14<\/p>\n\n\n\n<p class=\"text-sm-center\"><strong>E-Mail: <\/strong>e.hostettler@trademark-club.com<\/p>\n\n\n\n<p class=\"text-sm-center\">Land: Schweiz<\/p>\n<\/div>\n\n\n\n<div class=\"wp-block-column is-layout-flow wp-block-column-is-layout-flow\" style=\"flex-basis:50%\">\n<figure class=\"wp-block-image aligncenter size-full is-resized has-custom-border is-style-rounded\"><img loading=\"lazy\" decoding=\"async\" width=\"451\" height=\"488\" src=\"https:\/\/trademark-club.com\/wp-content\/uploads\/2024\/09\/Progetto-senza-titolo-e1726596987426.png\" alt=\"\" class=\"wp-image-1194\" style=\"border-width:4px;width:150px\" srcset=\"https:\/\/trademark-club.com\/wp-content\/uploads\/2024\/09\/Progetto-senza-titolo-e1726596987426.png 451w, https:\/\/trademark-club.com\/wp-content\/uploads\/2024\/09\/Progetto-senza-titolo-e1726596987426-277x300.png 277w\" sizes=\"auto, (max-width: 451px) 100vw, 451px\" \/><\/figure>\n<\/div>\n\n\n\n<div class=\"wp-block-column is-vertically-aligned-center is-layout-flow wp-block-column-is-layout-flow\" style=\"flex-basis:50%\">\n<p class=\"has-text-align-left text-sm-center has-large-font-size\"><strong>Julia Hostettler<\/strong><br\/>Gr\u00fcnderin Trademark Club<\/p>\n\n\n\n<p class=\"has-text-align-left text-sm-center\">+41 41 450 43 14<\/p>\n\n\n\n<p class=\"has-text-align-left text-sm-center\"><strong>E-Mail<\/strong>: j.hostettler@trademark-club.com<\/p>\n\n\n\n<p class=\"has-text-align-left text-sm-center\">Land: Schweiz<\/p>\n<\/div>\n<\/div>\n\n\n\n<div class=\"wp-block-columns is-layout-flex wp-container-core-columns-is-layout-ef350914 wp-block-columns-is-layout-flex\" style=\"padding-top:var(--wp--preset--spacing--30);padding-bottom:var(--wp--preset--spacing--30)\">\n<div class=\"wp-block-column is-layout-flow wp-block-column-is-layout-flow\" style=\"flex-basis:50%\">\n<figure class=\"wp-block-image aligncenter size-full is-resized has-custom-border is-style-rounded\"><img loading=\"lazy\" decoding=\"async\" width=\"190\" height=\"190\" src=\"https:\/\/trademark-club.com\/wp-content\/uploads\/2024\/09\/Stefan-Geisler.png\" alt=\"\" class=\"wp-image-1202\" style=\"border-width:4px;width:150px\" srcset=\"https:\/\/trademark-club.com\/wp-content\/uploads\/2024\/09\/Stefan-Geisler.png 190w, https:\/\/trademark-club.com\/wp-content\/uploads\/2024\/09\/Stefan-Geisler-150x150.png 150w\" sizes=\"auto, (max-width: 190px) 100vw, 190px\" \/><\/figure>\n<\/div>\n\n\n\n<div class=\"wp-block-column is-vertically-aligned-center is-layout-flow wp-block-column-is-layout-flow\" style=\"flex-basis:50%\">\n<p class=\"text-sm-center has-large-font-size\"><strong>Stefan Geisler<\/strong><br\/>Gr\u00fcnder Trademark Club<\/p>\n\n\n\n<p class=\"text-sm-center\">+41 41 450 43 14<\/p>\n\n\n\n<p class=\"text-sm-center\"><strong>E-Mail<\/strong>: s.geisler@trademark-club.com<\/p>\n\n\n\n<p class=\"text-sm-center\">Land: Deutschland<\/p>\n<\/div>\n\n\n\n<div class=\"wp-block-column is-layout-flow wp-block-column-is-layout-flow\" style=\"flex-basis:50%\">\n<figure class=\"wp-block-image aligncenter size-full is-resized has-custom-border is-style-rounded\"><img loading=\"lazy\" decoding=\"async\" width=\"190\" height=\"190\" src=\"https:\/\/trademark-club.com\/wp-content\/uploads\/2024\/08\/profile_photo-190x190-2.png\" alt=\"\" class=\"wp-image-885\" style=\"border-width:4px;width:150px\" srcset=\"https:\/\/trademark-club.com\/wp-content\/uploads\/2024\/08\/profile_photo-190x190-2.png 190w, https:\/\/trademark-club.com\/wp-content\/uploads\/2024\/08\/profile_photo-190x190-2-150x150.png 150w\" sizes=\"auto, (max-width: 190px) 100vw, 190px\" \/><\/figure>\n<\/div>\n\n\n\n<div class=\"wp-block-column is-vertically-aligned-center is-layout-flow wp-block-column-is-layout-flow\" style=\"flex-basis:50%\">\n<p class=\"has-text-align-left text-sm-center has-large-font-size\"><strong>Suzan Obert<\/strong><br\/>Gr\u00fcnderin Trademark Club<\/p>\n\n\n\n<p class=\"has-text-align-left text-sm-center\">+41 41 450 43 14<\/p>\n\n\n\n<p class=\"has-text-align-left text-sm-center\"><strong>E-Mail<\/strong>: s.obert@trademark-club.com<\/p>\n\n\n\n<p class=\"has-text-align-left text-sm-center\">Land: Deutschland<\/p>\n<\/div>\n<\/div>\n<\/div>\n<\/div>\n<\/div>\n","protected":false},"excerpt":{"rendered":"<p>Unterst\u00fctzen Sie Mit einem professionellen internationalen Team sind wir bereit, Ihre Marke einem globalen Publikum zu pr\u00e4sentieren. Elidon HostettlerGr\u00fcnder Trademark Club +41 41 450 43 14 E-Mail: e.hostettler@trademark-club.com Land: Schweiz Julia HostettlerGr\u00fcnderin Trademark Club +41 41 450 43 14 E-Mail: j.hostettler@trademark-club.com Land: Schweiz Stefan GeislerGr\u00fcnder Trademark Club +41 41 450 43 14 E-Mail: s.geisler@trademark-club.com Land: [&hellip;]<\/p>\n","protected":false},"author":1,"featured_media":0,"parent":0,"menu_order":0,"comment_status":"closed","ping_status":"closed","template":"","meta":{"_acf_changed":false,"footnotes":""},"class_list":["post-1038","page","type-page","status-publish","hentry"],"acf":[],"_links":{"self":[{"href":"https:\/\/trademark-club.com\/de\/wp-json\/wp\/v2\/pages\/1038","targetHints":{"allow":["GET"]}}],"collection":[{"href":"https:\/\/trademark-club.com\/de\/wp-json\/wp\/v2\/pages"}],"about":[{"href":"https:\/\/trademark-club.com\/de\/wp-json\/wp\/v2\/types\/page"}],"author":[{"embeddable":true,"href":"https:\/\/trademark-club.com\/de\/wp-json\/wp\/v2\/users\/1"}],"replies":[{"embeddable":true,"href":"https:\/\/trademark-club.com\/de\/wp-json\/wp\/v2\/comments?post=1038"}],"version-history":[{"count":4,"href":"https:\/\/trademark-club.com\/de\/wp-json\/wp\/v2\/pages\/1038\/revisions"}],"predecessor-version":[{"id":1262,"href":"https:\/\/trademark-club.com\/de\/wp-json\/wp\/v2\/pages\/1038\/revisions\/1262"}],"wp:attachment":[{"href":"https:\/\/trademark-club.com\/de\/wp-json\/wp\/v2\/media?parent=1038"}],"curies":[{"name":"wp","href":"https:\/\/api.w.org\/{rel}","templated":true}]}}